{"id":644,"date":"2024-06-20T23:46:12","date_gmt":"2024-06-20T21:46:12","guid":{"rendered":"https:\/\/infinityfarms.website\/?post_type=product&#038;p=644"},"modified":"2024-06-21T21:32:42","modified_gmt":"2024-06-21T19:32:42","slug":"custom-color-combinations","status":"publish","type":"product","link":"https:\/\/infinityfarms.com.co\/es\/producto\/custom-color-combinations\/","title":{"rendered":"COMBINACIONES DE COLOR PERSONALIZADO"},"content":{"rendered":"<p><span data-sheets-root=\"1\" data-sheets-value=\"{&quot;1&quot;:2,&quot;2&quot;:&quot;Custom foliage adds a unique touch to any design, adapting to your preferences.&quot;}\" data-sheets-userformat=\"{&quot;2&quot;:957,&quot;3&quot;:{&quot;1&quot;:0},&quot;5&quot;:{&quot;1&quot;:[{&quot;1&quot;:2,&quot;2&quot;:0,&quot;5&quot;:{&quot;1&quot;:2,&quot;2&quot;:0}},{&quot;1&quot;:0,&quot;2&quot;:0,&quot;3&quot;:3},{&quot;1&quot;:1,&quot;2&quot;:0,&quot;4&quot;:1}]},&quot;6&quot;:{&quot;1&quot;:[{&quot;1&quot;:2,&quot;2&quot;:0,&quot;5&quot;:{&quot;1&quot;:2,&quot;2&quot;:0}},{&quot;1&quot;:0,&quot;2&quot;:0,&quot;3&quot;:3},{&quot;1&quot;:1,&quot;2&quot;:0,&quot;4&quot;:1}]},&quot;7&quot;:{&quot;1&quot;:[{&quot;1&quot;:2,&quot;2&quot;:0,&quot;5&quot;:{&quot;1&quot;:2,&quot;2&quot;:0}},{&quot;1&quot;:0,&quot;2&quot;:0,&quot;3&quot;:3},{&quot;1&quot;:1,&quot;2&quot;:0,&quot;4&quot;:1}]},&quot;8&quot;:{&quot;1&quot;:[{&quot;1&quot;:2,&quot;2&quot;:0,&quot;5&quot;:{&quot;1&quot;:2,&quot;2&quot;:0}},{&quot;1&quot;:0,&quot;2&quot;:0,&quot;3&quot;:3},{&quot;1&quot;:1,&quot;2&quot;:0,&quot;4&quot;:1}]},&quot;10&quot;:1,&quot;11&quot;:4,&quot;12&quot;:0}\">El follaje personalizado a\u00f1ade un toque \u00fanico a cualquier dise\u00f1o, adapt\u00e1ndose a tus preferencias.<\/span><\/p>","protected":false},"excerpt":{"rendered":"<p><span data-sheets-root=\"1\" data-sheets-value=\"{&quot;1&quot;:2,&quot;2&quot;:&quot;Custom foliage adds a unique touch to any design, adapting to your preferences.&quot;}\" data-sheets-userformat=\"{&quot;2&quot;:957,&quot;3&quot;:{&quot;1&quot;:0},&quot;5&quot;:{&quot;1&quot;:[{&quot;1&quot;:2,&quot;2&quot;:0,&quot;5&quot;:{&quot;1&quot;:2,&quot;2&quot;:0}},{&quot;1&quot;:0,&quot;2&quot;:0,&quot;3&quot;:3},{&quot;1&quot;:1,&quot;2&quot;:0,&quot;4&quot;:1}]},&quot;6&quot;:{&quot;1&quot;:[{&quot;1&quot;:2,&quot;2&quot;:0,&quot;5&quot;:{&quot;1&quot;:2,&quot;2&quot;:0}},{&quot;1&quot;:0,&quot;2&quot;:0,&quot;3&quot;:3},{&quot;1&quot;:1,&quot;2&quot;:0,&quot;4&quot;:1}]},&quot;7&quot;:{&quot;1&quot;:[{&quot;1&quot;:2,&quot;2&quot;:0,&quot;5&quot;:{&quot;1&quot;:2,&quot;2&quot;:0}},{&quot;1&quot;:0,&quot;2&quot;:0,&quot;3&quot;:3},{&quot;1&quot;:1,&quot;2&quot;:0,&quot;4&quot;:1}]},&quot;8&quot;:{&quot;1&quot;:[{&quot;1&quot;:2,&quot;2&quot;:0,&quot;5&quot;:{&quot;1&quot;:2,&quot;2&quot;:0}},{&quot;1&quot;:0,&quot;2&quot;:0,&quot;3&quot;:3},{&quot;1&quot;:1,&quot;2&quot;:0,&quot;4&quot;:1}]},&quot;10&quot;:1,&quot;11&quot;:4,&quot;12&quot;:0}\">El follaje personalizado a\u00f1ade un toque \u00fanico a cualquier dise\u00f1o, adapt\u00e1ndose a tus preferencias.<\/span><\/p>","protected":false},"featured_media":646,"comment_status":"open","ping_status":"closed","template":"","meta":{"_acf_changed":false},"product":[],"product_cat":[22],"product_tag":[],"class_list":{"0":"post-644","1":"product","2":"type-product","3":"status-publish","4":"has-post-thumbnail","6":"product_cat-foliages","8":"first","9":"instock","10":"shipping-taxable","11":"product-type-simple"},"acf":[],"_links":{"self":[{"href":"https:\/\/infinityfarms.com.co\/es\/wp-json\/wp\/v2\/product\/644"}],"collection":[{"href":"https:\/\/infinityfarms.com.co\/es\/wp-json\/wp\/v2\/product"}],"about":[{"href":"https:\/\/infinityfarms.com.co\/es\/wp-json\/wp\/v2\/types\/product"}],"replies":[{"embeddable":true,"href":"https:\/\/infinityfarms.com.co\/es\/wp-json\/wp\/v2\/comments?post=644"}],"wp:featuredmedia":[{"embeddable":true,"href":"https:\/\/infinityfarms.com.co\/es\/wp-json\/wp\/v2\/media\/646"}],"wp:attachment":[{"href":"https:\/\/infinityfarms.com.co\/es\/wp-json\/wp\/v2\/media?parent=644"}],"wp:term":[{"taxonomy":"product","embeddable":true,"href":"https:\/\/infinityfarms.com.co\/es\/wp-json\/wp\/v2\/product?post=644"},{"taxonomy":"product_cat","embeddable":true,"href":"https:\/\/infinityfarms.com.co\/es\/wp-json\/wp\/v2\/product_cat?post=644"},{"taxonomy":"product_tag","embeddable":true,"href":"https:\/\/infinityfarms.com.co\/es\/wp-json\/wp\/v2\/product_tag?post=644"}],"curies":[{"name":"wp","href":"https:\/\/api.w.org\/{rel}","templated":true}]}}