{"id":563,"date":"2024-06-20T21:26:00","date_gmt":"2024-06-20T19:26:00","guid":{"rendered":"https:\/\/infinityfarms.website\/?post_type=product&#038;p=563"},"modified":"2024-06-21T21:13:39","modified_gmt":"2024-06-21T19:13:39","slug":"vendela","status":"publish","type":"product","link":"https:\/\/infinityfarms.com.co\/es\/producto\/vendela\/","title":{"rendered":"VENDELA"},"content":{"rendered":"<p><span data-sheets-root=\"1\" data-sheets-value=\"{&quot;1&quot;:2,&quot;2&quot;:&quot;A champagne ivory rose with pink edges on the petals. Add a special and classic touch to any event with his subtle charm.&quot;}\" data-sheets-userformat=\"{&quot;2&quot;:957,&quot;3&quot;:{&quot;1&quot;:0},&quot;5&quot;:{&quot;1&quot;:[{&quot;1&quot;:2,&quot;2&quot;:0,&quot;5&quot;:{&quot;1&quot;:2,&quot;2&quot;:0}},{&quot;1&quot;:0,&quot;2&quot;:0,&quot;3&quot;:3},{&quot;1&quot;:1,&quot;2&quot;:0,&quot;4&quot;:1}]},&quot;6&quot;:{&quot;1&quot;:[{&quot;1&quot;:2,&quot;2&quot;:0,&quot;5&quot;:{&quot;1&quot;:2,&quot;2&quot;:0}},{&quot;1&quot;:0,&quot;2&quot;:0,&quot;3&quot;:3},{&quot;1&quot;:1,&quot;2&quot;:0,&quot;4&quot;:1}]},&quot;7&quot;:{&quot;1&quot;:[{&quot;1&quot;:2,&quot;2&quot;:0,&quot;5&quot;:{&quot;1&quot;:2,&quot;2&quot;:0}},{&quot;1&quot;:0,&quot;2&quot;:0,&quot;3&quot;:3},{&quot;1&quot;:1,&quot;2&quot;:0,&quot;4&quot;:1}]},&quot;8&quot;:{&quot;1&quot;:[{&quot;1&quot;:2,&quot;2&quot;:0,&quot;5&quot;:{&quot;1&quot;:2,&quot;2&quot;:0}},{&quot;1&quot;:0,&quot;2&quot;:0,&quot;3&quot;:3},{&quot;1&quot;:1,&quot;2&quot;:0,&quot;4&quot;:1}]},&quot;10&quot;:1,&quot;11&quot;:4,&quot;12&quot;:0}\">Una rosa color marfil champagne con bordes rosas en los p\u00e9talos. A\u00f1ade un toque especial y cl\u00e1sico a cualquier evento con su sutil encanto.<\/span><\/p>","protected":false},"excerpt":{"rendered":"<p><span data-sheets-root=\"1\" data-sheets-value=\"{&quot;1&quot;:2,&quot;2&quot;:&quot;A champagne ivory rose with pink edges on the petals. Add a special and classic touch to any event with his subtle charm.&quot;}\" data-sheets-userformat=\"{&quot;2&quot;:957,&quot;3&quot;:{&quot;1&quot;:0},&quot;5&quot;:{&quot;1&quot;:[{&quot;1&quot;:2,&quot;2&quot;:0,&quot;5&quot;:{&quot;1&quot;:2,&quot;2&quot;:0}},{&quot;1&quot;:0,&quot;2&quot;:0,&quot;3&quot;:3},{&quot;1&quot;:1,&quot;2&quot;:0,&quot;4&quot;:1}]},&quot;6&quot;:{&quot;1&quot;:[{&quot;1&quot;:2,&quot;2&quot;:0,&quot;5&quot;:{&quot;1&quot;:2,&quot;2&quot;:0}},{&quot;1&quot;:0,&quot;2&quot;:0,&quot;3&quot;:3},{&quot;1&quot;:1,&quot;2&quot;:0,&quot;4&quot;:1}]},&quot;7&quot;:{&quot;1&quot;:[{&quot;1&quot;:2,&quot;2&quot;:0,&quot;5&quot;:{&quot;1&quot;:2,&quot;2&quot;:0}},{&quot;1&quot;:0,&quot;2&quot;:0,&quot;3&quot;:3},{&quot;1&quot;:1,&quot;2&quot;:0,&quot;4&quot;:1}]},&quot;8&quot;:{&quot;1&quot;:[{&quot;1&quot;:2,&quot;2&quot;:0,&quot;5&quot;:{&quot;1&quot;:2,&quot;2&quot;:0}},{&quot;1&quot;:0,&quot;2&quot;:0,&quot;3&quot;:3},{&quot;1&quot;:1,&quot;2&quot;:0,&quot;4&quot;:1}]},&quot;10&quot;:1,&quot;11&quot;:4,&quot;12&quot;:0}\">Una rosa color marfil champagne con bordes rosas en los p\u00e9talos. A\u00f1ade un toque especial y cl\u00e1sico a cualquier evento con su sutil encanto.<\/span><\/p>","protected":false},"featured_media":564,"comment_status":"open","ping_status":"closed","template":"","meta":{"_acf_changed":false},"product":[],"product_cat":[20],"product_tag":[],"class_list":{"0":"post-563","1":"product","2":"type-product","3":"status-publish","4":"has-post-thumbnail","6":"product_cat-rose","8":"first","9":"instock","10":"shipping-taxable","11":"product-type-simple"},"acf":[],"_links":{"self":[{"href":"https:\/\/infinityfarms.com.co\/es\/wp-json\/wp\/v2\/product\/563"}],"collection":[{"href":"https:\/\/infinityfarms.com.co\/es\/wp-json\/wp\/v2\/product"}],"about":[{"href":"https:\/\/infinityfarms.com.co\/es\/wp-json\/wp\/v2\/types\/product"}],"replies":[{"embeddable":true,"href":"https:\/\/infinityfarms.com.co\/es\/wp-json\/wp\/v2\/comments?post=563"}],"wp:featuredmedia":[{"embeddable":true,"href":"https:\/\/infinityfarms.com.co\/es\/wp-json\/wp\/v2\/media\/564"}],"wp:attachment":[{"href":"https:\/\/infinityfarms.com.co\/es\/wp-json\/wp\/v2\/media?parent=563"}],"wp:term":[{"taxonomy":"product","embeddable":true,"href":"https:\/\/infinityfarms.com.co\/es\/wp-json\/wp\/v2\/product?post=563"},{"taxonomy":"product_cat","embeddable":true,"href":"https:\/\/infinityfarms.com.co\/es\/wp-json\/wp\/v2\/product_cat?post=563"},{"taxonomy":"product_tag","embeddable":true,"href":"https:\/\/infinityfarms.com.co\/es\/wp-json\/wp\/v2\/product_tag?post=563"}],"curies":[{"name":"wp","href":"https:\/\/api.w.org\/{rel}","templated":true}]}}